{"id":9,"date":"2023-09-06T14:07:30","date_gmt":"2023-09-06T14:07:30","guid":{"rendered":"https:\/\/demosites.royal-elementor-addons.com\/solar-energy-v1\/?page_id=9"},"modified":"2024-04-09T16:54:12","modified_gmt":"2024-04-09T16:54:12","slug":"nosotros","status":"publish","type":"page","link":"https:\/\/iosa.mx\/index.php\/nosotros\/","title":{"rendered":"Nosotros"},"content":{"rendered":"\t\t<div data-elementor-type=\"wp-page\" data-elementor-id=\"9\" class=\"elementor elementor-9\">\n\t\t\t\t\t\t<section class=\"elementor-section elementor-top-section elementor-element elementor-element-5170393 elementor-section-boxed elementor-section-height-default elementor-section-height-default wpr-particle-no wpr-jarallax-no wpr-parallax-no wpr-sticky-section-no\" data-id=\"5170393\" data-element_type=\"section\" data-settings=\"{&quot;background_background&quot;:&quot;classic&quot;}\">\n\t\t\t\t\t\t\t<div class=\"elementor-background-overlay\"><\/div>\n\t\t\t\t\t\t\t<div class=\"elementor-container elementor-column-gap-default\">\n\t\t\t\t\t<div class=\"elementor-column elementor-col-100 elementor-top-column elementor-element elementor-element-c53ab0d\" data-id=\"c53ab0d\" data-element_type=\"column\">\n\t\t\t<div class=\"elementor-widget-wrap elementor-element-populated\">\n\t\t\t\t\t\t<div class=\"elementor-element elementor-element-b709dc4 elementor-widget elementor-widget-heading\" data-id=\"b709dc4\" data-element_type=\"widget\" data-widget_type=\"heading.default\">\n\t\t\t\t<div class=\"elementor-widget-container\">\n\t\t\t<h2 class=\"elementor-heading-title elementor-size-default\">IOSA<\/h2>\t\t<\/div>\n\t\t\t\t<\/div>\n\t\t\t\t<div class=\"elementor-element elementor-element-6971f64 elementor-widget elementor-widget-text-editor\" data-id=\"6971f64\" data-element_type=\"widget\" data-widget_type=\"text-editor.default\">\n\t\t\t\t<div class=\"elementor-widget-container\">\n\t\t\t\t\t\t\t<p>Experiencia y Profesionalismo<\/p>\t\t\t\t\t\t<\/div>\n\t\t\t\t<\/div>\n\t\t\t\t\t<\/div>\n\t\t<\/div>\n\t\t\t\t\t<\/div>\n\t\t<\/section>\n\t\t\t\t<section class=\"elementor-section elementor-top-section elementor-element elementor-element-dbd083e elementor-section-boxed elementor-section-height-default elementor-section-height-default wpr-particle-no wpr-jarallax-no wpr-parallax-no wpr-sticky-section-no\" data-id=\"dbd083e\" data-element_type=\"section\">\n\t\t\t\t\t\t<div class=\"elementor-container elementor-column-gap-wide\">\n\t\t\t\t\t<div class=\"elementor-column elementor-col-50 elementor-top-column elementor-element elementor-element-6d62b65 elementor-invisible\" data-id=\"6d62b65\" data-element_type=\"column\" data-settings=\"{&quot;animation&quot;:&quot;slideInLeft&quot;}\">\n\t\t\t<div class=\"elementor-widget-wrap elementor-element-populated\">\n\t\t\t\t\t\t<div class=\"elementor-element elementor-element-4d61d9f elementor-widget elementor-widget-heading\" data-id=\"4d61d9f\" data-element_type=\"widget\" data-widget_type=\"heading.default\">\n\t\t\t\t<div class=\"elementor-widget-container\">\n\t\t\t<h2 class=\"elementor-heading-title elementor-size-default\">\u00bfQui\u00e9nes somos?  <\/h2>\t\t<\/div>\n\t\t\t\t<\/div>\n\t\t\t\t<div class=\"elementor-element elementor-element-38735c3 elementor-widget-laptop__width-initial elementor-widget elementor-widget-heading\" data-id=\"38735c3\" data-element_type=\"widget\" data-widget_type=\"heading.default\">\n\t\t\t\t<div class=\"elementor-widget-container\">\n\t\t\t<h2 class=\"elementor-heading-title elementor-size-default\">EMPRESA LIDER EN GERENCIAMIENTO DE PROYECTOS EN M\u00c9XICO <\/h2>\t\t<\/div>\n\t\t\t\t<\/div>\n\t\t\t\t<div class=\"elementor-element elementor-element-53ddd04 elementor-widget elementor-widget-text-editor\" data-id=\"53ddd04\" data-element_type=\"widget\" data-widget_type=\"text-editor.default\">\n\t\t\t\t<div class=\"elementor-widget-container\">\n\t\t\t\t\t\t\t<p>IOSA, creada en 1996 para atender la demanda de servicios relacionados con ingenier\u00eda, supervisi\u00f3n, auditor\u00edas y verificaci\u00f3n de obras como tambi\u00e9n el gerenciamineto y administraci\u00f3n de proyectos que se logra gracias a nuestro personal altamente calificado.\u00a0<\/p>\t\t\t\t\t\t<\/div>\n\t\t\t\t<\/div>\n\t\t\t\t<div class=\"elementor-element elementor-element-29b1608 wpr-button-icon-style-inline wpr-button-icon-position-right elementor-widget elementor-widget-wpr-button\" data-id=\"29b1608\" data-element_type=\"widget\" data-widget_type=\"wpr-button.default\">\n\t\t\t\t<div class=\"elementor-widget-container\">\n\t\t\t\t\n\t\t\t\n\t\t\n\t\t<div class=\"wpr-button-wrap elementor-clearfix\">\n\t\t<a class=\"wpr-button wpr-button-effect wpr-button-none\" data-text=\"Go\" href=\"https:\/\/urds.mx\/iosa\/index.php\/servicios\/\">\n\t\t\t\n\t\t\t<span class=\"wpr-button-content\">\n\t\t\t\t\t\t\t\t\t<span class=\"wpr-button-text\">Descubre m\u00e1s<\/span>\n\t\t\t\t\t\t\t\t\n\t\t\t\t\t\t\t<\/span>\n\t\t<\/a>\n\n\t\t\t\t<\/div>\n\t\n\t\n\t\t\t<\/div>\n\t\t\t\t<\/div>\n\t\t\t\t\t<\/div>\n\t\t<\/div>\n\t\t\t\t<div class=\"elementor-column elementor-col-50 elementor-top-column elementor-element elementor-element-222b6ab elementor-invisible\" data-id=\"222b6ab\" data-element_type=\"column\" data-settings=\"{&quot;animation&quot;:&quot;slideInRight&quot;}\">\n\t\t\t<div class=\"elementor-widget-wrap elementor-element-populated\">\n\t\t\t\t\t\t<div class=\"elementor-element elementor-element-4050e09 elementor-widget elementor-widget-image\" data-id=\"4050e09\" data-element_type=\"widget\" data-widget_type=\"image.default\">\n\t\t\t\t<div class=\"elementor-widget-container\">\n\t\t\t\t\t\t\t\t\t\t\t\t\t<img fetchpriority=\"high\" decoding=\"async\" width=\"960\" height=\"640\" src=\"https:\/\/iosa.mx\/wp-content\/uploads\/2024\/02\/imagen_2024-02-21_094027374-1024x683.png\" class=\"attachment-large size-large wp-image-1829\" alt=\"\" srcset=\"https:\/\/iosa.mx\/wp-content\/uploads\/2024\/02\/imagen_2024-02-21_094027374-1024x683.png 1024w, https:\/\/iosa.mx\/wp-content\/uploads\/2024\/02\/imagen_2024-02-21_094027374-300x200.png 300w, https:\/\/iosa.mx\/wp-content\/uploads\/2024\/02\/imagen_2024-02-21_094027374-768x512.png 768w, https:\/\/iosa.mx\/wp-content\/uploads\/2024\/02\/imagen_2024-02-21_094027374.png 1470w\" sizes=\"(max-width: 960px) 100vw, 960px\" \/>\t\t\t\t\t\t\t\t\t\t\t\t\t<\/div>\n\t\t\t\t<\/div>\n\t\t\t\t\t<\/div>\n\t\t<\/div>\n\t\t\t\t\t<\/div>\n\t\t<\/section>\n\t\t\t\t<section class=\"elementor-section elementor-top-section elementor-element elementor-element-056ce89 elementor-section-boxed elementor-section-height-default elementor-section-height-default wpr-particle-no wpr-jarallax-no wpr-parallax-no wpr-sticky-section-no\" data-id=\"056ce89\" data-element_type=\"section\">\n\t\t\t\t\t\t\t<div class=\"elementor-background-overlay\"><\/div>\n\t\t\t\t\t\t\t<div class=\"elementor-container elementor-column-gap-default\">\n\t\t\t\t\t<div class=\"elementor-column elementor-col-100 elementor-top-column elementor-element elementor-element-5f179b2 elementor-invisible\" data-id=\"5f179b2\" data-element_type=\"column\" data-settings=\"{&quot;animation&quot;:&quot;fadeIn&quot;}\">\n\t\t\t<div class=\"elementor-widget-wrap elementor-element-populated\">\n\t\t\t\t\t\t<section class=\"elementor-section elementor-inner-section elementor-element elementor-element-129b25f elementor-section-boxed elementor-section-height-default elementor-section-height-default wpr-particle-no wpr-jarallax-no wpr-parallax-no wpr-sticky-section-no\" data-id=\"129b25f\" data-element_type=\"section\">\n\t\t\t\t\t\t<div class=\"elementor-container elementor-column-gap-default\">\n\t\t\t\t\t<div class=\"elementor-column elementor-col-100 elementor-inner-column elementor-element elementor-element-cd9135b\" data-id=\"cd9135b\" data-element_type=\"column\">\n\t\t\t<div class=\"elementor-widget-wrap elementor-element-populated\">\n\t\t\t\t\t\t<div class=\"elementor-element elementor-element-b58c42e elementor-widget elementor-widget-heading\" data-id=\"b58c42e\" data-element_type=\"widget\" data-widget_type=\"heading.default\">\n\t\t\t\t<div class=\"elementor-widget-container\">\n\t\t\t<h2 class=\"elementor-heading-title elementor-size-default\">Tu obra, tu seguridad<\/h2>\t\t<\/div>\n\t\t\t\t<\/div>\n\t\t\t\t<div class=\"elementor-element elementor-element-2836740 elementor-widget elementor-widget-text-editor\" data-id=\"2836740\" data-element_type=\"widget\" data-widget_type=\"text-editor.default\">\n\t\t\t\t<div class=\"elementor-widget-container\">\n\t\t\t\t\t\t\t<p>Colaborar en un proyecto bajo control proporciona la seguridad y la tranquilidad de saber que las tareas se realizan de manera adecuada, es por esto que trabajar con IOSA es eficiencia y calidad.<\/p>\t\t\t\t\t\t<\/div>\n\t\t\t\t<\/div>\n\t\t\t\t\t<\/div>\n\t\t<\/div>\n\t\t\t\t\t<\/div>\n\t\t<\/section>\n\t\t\t\t<div class=\"elementor-element elementor-element-c3c9c56 wpr-list-style-none elementor-widget elementor-widget-wpr-posts-timeline\" data-id=\"c3c9c56\" data-element_type=\"widget\" data-settings=\"{&quot;swiper_speed&quot;:500}\" data-widget_type=\"wpr-posts-timeline.default\">\n\t\t\t\t<div class=\"elementor-widget-container\">\n\t\t\t<div class=\"wpr-timeline-outer-container\"><div class=\"wpr-wrapper swiper wpr-horizontal\" dir=\"\" data-slidestoshow = \"1\" data-autoplay=\"\" data-loop=\"\" data-swiper-speed=\"500\" data-swiper-delay=\"0\" data-swiper-poh=\"\" data-swiper-space-between=\"0\"><div class=\"swiper-wrapper wpr-horizontal-timeline\"><div class=\"swiper-slide swiper-slide-line-bottom no elementor-repeater-item-940c2b5\"><div class=\"wpr-extra-label\" ><span class=\"wpr-label\" >Oct 1996<\/span><span class=\"wpr-sub-label\" >Se establece IOSA<\/span><\/div><div class=\"wpr-main-line-icon wpr-icon\"><i aria-hidden=\"true\" class=\"far fa-flag\"><\/i><\/div><div class=\"wpr-story-info \"><div class=\"wpr-timeline-content-wrapper\"><p class=\"wpr-title-wrap\"><span  class=\"wpr-title\">Misi\u00f3n<\/span><\/p><div class=\"wpr-description\"><p>Proporcionar un servicio de calidad en todos nuestros trabajos, asegurando que \u00e9stos cumplan con las necesidades y requerimientos de los clientes con la normatividad aplicable. As\u00ed como contribuir a mejorar el medio ambiente siguiendo los preceptos de sustentabilidad, apoy\u00e1ndonos siempre en dos pilares principales: C\u00f3digo de \u00c9tica y Sistema de Gesti\u00f3n de Calidad.<\/p><\/div><\/div><\/div><\/div><div class=\"swiper-slide swiper-slide-line-bottom no elementor-repeater-item-a6de89e\"><div class=\"wpr-extra-label\" ><span class=\"wpr-label\" >Feb 2024<\/span><span class=\"wpr-sub-label\" >Lider en Gerenciamineto de proyectos<\/span><\/div><div class=\"wpr-main-line-icon wpr-icon\"><svg aria-hidden=\"true\" class=\"e-font-icon-svg e-fas-building\" viewBox=\"0 0 448 512\" xmlns=\"http:\/\/www.w3.org\/2000\/svg\"><path d=\"M436 480h-20V24c0-13.255-10.745-24-24-24H56C42.745 0 32 10.745 32 24v456H12c-6.627 0-12 5.373-12 12v20h448v-20c0-6.627-5.373-12-12-12zM128 76c0-6.627 5.373-12 12-12h40c6.627 0 12 5.373 12 12v40c0 6.627-5.373 12-12 12h-40c-6.627 0-12-5.373-12-12V76zm0 96c0-6.627 5.373-12 12-12h40c6.627 0 12 5.373 12 12v40c0 6.627-5.373 12-12 12h-40c-6.627 0-12-5.373-12-12v-40zm52 148h-40c-6.627 0-12-5.373-12-12v-40c0-6.627 5.373-12 12-12h40c6.627 0 12 5.373 12 12v40c0 6.627-5.373 12-12 12zm76 160h-64v-84c0-6.627 5.373-12 12-12h40c6.627 0 12 5.373 12 12v84zm64-172c0 6.627-5.373 12-12 12h-40c-6.627 0-12-5.373-12-12v-40c0-6.627 5.373-12 12-12h40c6.627 0 12 5.373 12 12v40zm0-96c0 6.627-5.373 12-12 12h-40c-6.627 0-12-5.373-12-12v-40c0-6.627 5.373-12 12-12h40c6.627 0 12 5.373 12 12v40zm0-96c0 6.627-5.373 12-12 12h-40c-6.627 0-12-5.373-12-12V76c0-6.627 5.373-12 12-12h40c6.627 0 12 5.373 12 12v40z\"><\/path><\/svg><\/div><div class=\"wpr-story-info \"><div class=\"wpr-timeline-content-wrapper\"><p class=\"wpr-title-wrap\"><span  class=\"wpr-title\">Visi\u00f3n<\/span><\/p><div class=\"wpr-description\"><p>Ser una empresa l\u00edder en la prestaci\u00f3n de los servicios de gerenciamiento de proyectos, verificaci\u00f3n, supervisi\u00f3n, auditoria de obras, as\u00ed como consultor\u00edas t\u00e9cnicas. Cumpliendo con los est\u00e1ndares de calidad mundial y la m\u00e1s alta \u00e9tica profesional. Operando a nivel nacional, sirviendo a la industria de la construcci\u00f3n en general.<\/p><\/div><\/div><\/div><\/div><\/div>\n\t\t\t<!-- Add Pagination -->        \n\t\t\t<div class=\"wpr-swiper-pagination\"><\/div>\n\t\t\t<!-- Add Arrows -->\n\t\t\t<div class=\"wpr-button-prev wpr-timeline-prev-arrow wpr-timeline-prev-c3c9c56\">\n\t\t\t\t<svg version=\"1.1\" xmlns=\"http:\/\/www.w3.org\/2000\/svg\" xmlns:xlink=\"http:\/\/www.w3.org\/1999\/xlink\" x=\"0px\" y=\"0px\" viewBox=\"0 0 291.4 512\" style=\"enable-background:new 0 0 291.4 512;\" xml:space=\"preserve\"><g><path class=\"st0\" d=\"M281.1,451.5c13.8,13.8,13.8,36.3,0,50.1c-13.8,13.8-36.3,13.8-50.1,0L10.4,281C3.5,274.1,0,265.1,0,256c0-9.1,3.5-18.1,10.4-25L231,10.4c13.8-13.8,36.3-13.8,50.1,0c6.9,6.9,10.4,16,10.4,25s-3.5,18.1-10.4,25L85.5,256L281.1,451.5z\"\/><\/g><\/svg>\n\t\t\t<\/div>\n\t\t\t<div class=\"wpr-button-next wpr-timeline-next-arrow wpr-timeline-next-c3c9c56\">\n\t\t\t\t<svg version=\"1.1\" xmlns=\"http:\/\/www.w3.org\/2000\/svg\" xmlns:xlink=\"http:\/\/www.w3.org\/1999\/xlink\" x=\"0px\" y=\"0px\" viewBox=\"0 0 291.4 512\" style=\"enable-background:new 0 0 291.4 512;\" xml:space=\"preserve\"><g><path class=\"st0\" d=\"M281.1,451.5c13.8,13.8,13.8,36.3,0,50.1c-13.8,13.8-36.3,13.8-50.1,0L10.4,281C3.5,274.1,0,265.1,0,256c0-9.1,3.5-18.1,10.4-25L231,10.4c13.8-13.8,36.3-13.8,50.1,0c6.9,6.9,10.4,16,10.4,25s-3.5,18.1-10.4,25L85.5,256L281.1,451.5z\"\/><\/g><\/svg>\n\t\t\t<\/div>\n\t\t<\/div><\/div>\t\t<\/div>\n\t\t\t\t<\/div>\n\t\t\t\t\t<\/div>\n\t\t<\/div>\n\t\t\t\t\t<\/div>\n\t\t<\/section>\n\t\t\t\t<section class=\"elementor-section elementor-top-section elementor-element elementor-element-0b455c0 elementor-section-boxed elementor-section-height-default elementor-section-height-default wpr-particle-no wpr-jarallax-no wpr-parallax-no wpr-sticky-section-no\" data-id=\"0b455c0\" data-element_type=\"section\">\n\t\t\t\t\t\t<div class=\"elementor-container elementor-column-gap-default\">\n\t\t\t\t\t<div class=\"elementor-column elementor-col-50 elementor-top-column elementor-element elementor-element-c3d7072 elementor-invisible\" data-id=\"c3d7072\" data-element_type=\"column\" data-settings=\"{&quot;animation&quot;:&quot;slideInLeft&quot;}\">\n\t\t\t<div class=\"elementor-widget-wrap elementor-element-populated\">\n\t\t\t\t\t\t<div class=\"elementor-element elementor-element-45a57b1 elementor-widget elementor-widget-heading\" data-id=\"45a57b1\" data-element_type=\"widget\" data-widget_type=\"heading.default\">\n\t\t\t\t<div class=\"elementor-widget-container\">\n\t\t\t<h2 class=\"elementor-heading-title elementor-size-default\">SISTEMA DE GESTI\u00d3N DE CALIDAD<\/h2>\t\t<\/div>\n\t\t\t\t<\/div>\n\t\t\t\t<div class=\"elementor-element elementor-element-b145cd5 elementor-widget elementor-widget-text-editor\" data-id=\"b145cd5\" data-element_type=\"widget\" data-widget_type=\"text-editor.default\">\n\t\t\t\t<div class=\"elementor-widget-container\">\n\t\t\t\t\t\t\t<p>Hemos creado e implementado un Sistema de Gesti\u00f3n de Calidad con el objetivo de optimizar nuestros servicios de supervisi\u00f3n y verificaci\u00f3n de obras, cumpliendo con los est\u00e1ndares de la norma ISO 9001:2008 y la norma NMX-442-ONNCCE-2019. Este sistema es objeto de mantenimiento y mejora continua, con el fin de elevar constantemente la calidad del servicio y satisfacer plenamente las necesidades de nuestros clientes.<\/p>\t\t\t\t\t\t<\/div>\n\t\t\t\t<\/div>\n\t\t\t\t<div class=\"elementor-element elementor-element-660a10d wpr-button-icon-style-inline wpr-button-icon-position-right elementor-widget elementor-widget-wpr-button\" data-id=\"660a10d\" data-element_type=\"widget\" data-widget_type=\"wpr-button.default\">\n\t\t\t\t<div class=\"elementor-widget-container\">\n\t\t\t\t\n\t\t\t\n\t\t\n\t\t<div class=\"wpr-button-wrap elementor-clearfix\">\n\t\t<a class=\"wpr-button wpr-button-effect wpr-button-none\" data-text=\"Go\" href=\"https:\/\/urds.mx\/iosa\/index.php\/contacto\/\">\n\t\t\t\n\t\t\t<span class=\"wpr-button-content\">\n\t\t\t\t\t\t\t\t\t<span class=\"wpr-button-text\">Cont\u00e1ctanos <\/span>\n\t\t\t\t\t\t\t\t\n\t\t\t\t\t\t\t<\/span>\n\t\t<\/a>\n\n\t\t\t\t<\/div>\n\t\n\t\n\t\t\t<\/div>\n\t\t\t\t<\/div>\n\t\t\t\t\t<\/div>\n\t\t<\/div>\n\t\t\t\t<div class=\"elementor-column elementor-col-50 elementor-top-column elementor-element elementor-element-e0672eb elementor-hidden-tablet elementor-hidden-mobile elementor-invisible\" data-id=\"e0672eb\" data-element_type=\"column\" data-settings=\"{&quot;animation&quot;:&quot;slideInRight&quot;}\">\n\t\t\t<div class=\"elementor-widget-wrap elementor-element-populated\">\n\t\t\t\t\t\t<div class=\"elementor-element elementor-element-619899b elementor-widget elementor-widget-image\" data-id=\"619899b\" data-element_type=\"widget\" data-widget_type=\"image.default\">\n\t\t\t\t<div class=\"elementor-widget-container\">\n\t\t\t\t\t\t\t\t\t\t\t\t\t<img decoding=\"async\" width=\"2036\" height=\"2560\" src=\"https:\/\/iosa.mx\/wp-content\/uploads\/2024\/02\/hombre-sonriendo-casco-rojo-planos-scaled.jpg\" class=\"attachment-full size-full wp-image-1831\" alt=\"\" srcset=\"https:\/\/iosa.mx\/wp-content\/uploads\/2024\/02\/hombre-sonriendo-casco-rojo-planos-scaled.jpg 2036w, https:\/\/iosa.mx\/wp-content\/uploads\/2024\/02\/hombre-sonriendo-casco-rojo-planos-239x300.jpg 239w, https:\/\/iosa.mx\/wp-content\/uploads\/2024\/02\/hombre-sonriendo-casco-rojo-planos-814x1024.jpg 814w, https:\/\/iosa.mx\/wp-content\/uploads\/2024\/02\/hombre-sonriendo-casco-rojo-planos-768x966.jpg 768w, https:\/\/iosa.mx\/wp-content\/uploads\/2024\/02\/hombre-sonriendo-casco-rojo-planos-1222x1536.jpg 1222w, https:\/\/iosa.mx\/wp-content\/uploads\/2024\/02\/hombre-sonriendo-casco-rojo-planos-1629x2048.jpg 1629w\" sizes=\"(max-width: 2036px) 100vw, 2036px\" \/>\t\t\t\t\t\t\t\t\t\t\t\t\t<\/div>\n\t\t\t\t<\/div>\n\t\t\t\t\t<\/div>\n\t\t<\/div>\n\t\t\t\t\t<\/div>\n\t\t<\/section>\n\t\t\t\t<section class=\"elementor-section elementor-top-section elementor-element elementor-element-0a596fd elementor-section-boxed elementor-section-height-default elementor-section-height-default wpr-particle-no wpr-jarallax-no wpr-parallax-no wpr-sticky-section-no\" data-id=\"0a596fd\" data-element_type=\"section\" data-settings=\"{&quot;background_background&quot;:&quot;classic&quot;}\">\n\t\t\t\t\t\t\t<div class=\"elementor-background-overlay\"><\/div>\n\t\t\t\t\t\t\t<div class=\"elementor-container elementor-column-gap-default\">\n\t\t\t\t\t<div class=\"elementor-column elementor-col-100 elementor-top-column elementor-element elementor-element-d36a89a elementor-invisible\" data-id=\"d36a89a\" data-element_type=\"column\" data-settings=\"{&quot;animation&quot;:&quot;fadeIn&quot;}\">\n\t\t\t<div class=\"elementor-widget-wrap elementor-element-populated\">\n\t\t\t\t\t\t<section class=\"elementor-section elementor-inner-section elementor-element elementor-element-b1d340d elementor-section-boxed elementor-section-height-default elementor-section-height-default wpr-particle-no wpr-jarallax-no wpr-parallax-no wpr-sticky-section-no\" data-id=\"b1d340d\" data-element_type=\"section\">\n\t\t\t\t\t\t<div class=\"elementor-container elementor-column-gap-default\">\n\t\t\t\t\t<div class=\"elementor-column elementor-col-100 elementor-inner-column elementor-element elementor-element-d3a4496\" data-id=\"d3a4496\" data-element_type=\"column\">\n\t\t\t<div class=\"elementor-widget-wrap elementor-element-populated\">\n\t\t\t\t\t\t<div class=\"elementor-element elementor-element-14e5e89 elementor-widget elementor-widget-heading\" data-id=\"14e5e89\" data-element_type=\"widget\" data-widget_type=\"heading.default\">\n\t\t\t\t<div class=\"elementor-widget-container\">\n\t\t\t<h2 class=\"elementor-heading-title elementor-size-default\">Expertos en el area<\/h2>\t\t<\/div>\n\t\t\t\t<\/div>\n\t\t\t\t<div class=\"elementor-element elementor-element-097d452 elementor-widget elementor-widget-text-editor\" data-id=\"097d452\" data-element_type=\"widget\" data-widget_type=\"text-editor.default\">\n\t\t\t\t<div class=\"elementor-widget-container\">\n\t\t\t\t\t\t\t<p>Nos enorgullece contar con un Sistema de Gesti\u00f3n de Calidad certificado, conforme a las normativas ISO 9001:2008 y NMX-442-ONNCCE-2019. Esta certificaci\u00f3n respalda nuestro compromiso continuo con la mejora, asegurando a nuestros clientes la confianza en la precisi\u00f3n y fiabilidad de nuestras auditor\u00edas.<\/p>\t\t\t\t\t\t<\/div>\n\t\t\t\t<\/div>\n\t\t\t\t\t<\/div>\n\t\t<\/div>\n\t\t\t\t\t<\/div>\n\t\t<\/section>\n\t\t\t\t\t<\/div>\n\t\t<\/div>\n\t\t\t\t\t<\/div>\n\t\t<\/section>\n\t\t\t\t<\/div>\n\t\t","protected":false},"excerpt":{"rendered":"<p>IOSA Experiencia y Profesionalismo \u00bfQui\u00e9nes somos? EMPRESA LIDER EN GERENCIAMIENTO DE PROYECTOS EN M\u00c9XICO IOSA, creada en 1996 para atender la demanda de servicios relacionados con ingenier\u00eda, supervisi\u00f3n, auditor\u00edas y verificaci\u00f3n de obras como tambi\u00e9n el gerenciamineto y administraci\u00f3n de proyectos que se logra gracias a nuestro personal altamente calificado.\u00a0 Descubre m\u00e1s Tu obra, tu seguridad Colaborar en un proyecto bajo control proporciona la seguridad y la tranquilidad de saber que las tareas se realizan de manera adecuada, es por esto que trabajar con IOSA es eficiencia y calidad. Oct 1996Se establece IOSA Misi\u00f3n Proporcionar un servicio de calidad en todos nuestros trabajos, asegurando que \u00e9stos cumplan con las necesidades y requerimientos de los clientes con la normatividad aplicable. As\u00ed como contribuir a mejorar el medio ambiente siguiendo los preceptos de sustentabilidad, apoy\u00e1ndonos siempre en dos pilares principales: C\u00f3digo de \u00c9tica y Sistema de Gesti\u00f3n de Calidad. Feb 2024Lider en Gerenciamineto de proyectos Visi\u00f3n Ser una empresa l\u00edder en la prestaci\u00f3n de los servicios de gerenciamiento de proyectos, verificaci\u00f3n, supervisi\u00f3n, auditoria de obras, as\u00ed como consultor\u00edas t\u00e9cnicas. Cumpliendo con los est\u00e1ndares de calidad mundial y la m\u00e1s alta \u00e9tica profesional. Operando a nivel nacional, sirviendo a la industria de la construcci\u00f3n en general. SISTEMA DE GESTI\u00d3N DE CALIDAD Hemos creado e implementado un Sistema de Gesti\u00f3n de Calidad con el objetivo de optimizar nuestros servicios de supervisi\u00f3n y verificaci\u00f3n de obras, cumpliendo con los est\u00e1ndares de la norma ISO 9001:2008 y la norma NMX-442-ONNCCE-2019. Este sistema es objeto de mantenimiento y mejora continua, con el fin de elevar constantemente la calidad del servicio y satisfacer plenamente las necesidades de nuestros clientes. Cont\u00e1ctanos Expertos en el area Nos enorgullece contar con un Sistema de Gesti\u00f3n de Calidad certificado, conforme a las normativas ISO 9001:2008 y NMX-442-ONNCCE-2019. Esta certificaci\u00f3n respalda nuestro compromiso continuo con la mejora, asegurando a nuestros clientes la confianza en la precisi\u00f3n y fiabilidad de nuestras auditor\u00edas.<\/p>\n","protected":false},"author":2,"featured_media":0,"parent":0,"menu_order":0,"comment_status":"closed","ping_status":"closed","template":"elementor_canvas","meta":{"footnotes":""},"class_list":["post-9","page","type-page","status-publish","hentry"],"_links":{"self":[{"href":"https:\/\/iosa.mx\/index.php\/wp-json\/wp\/v2\/pages\/9","targetHints":{"allow":["GET"]}}],"collection":[{"href":"https:\/\/iosa.mx\/index.php\/wp-json\/wp\/v2\/pages"}],"about":[{"href":"https:\/\/iosa.mx\/index.php\/wp-json\/wp\/v2\/types\/page"}],"author":[{"embeddable":true,"href":"https:\/\/iosa.mx\/index.php\/wp-json\/wp\/v2\/users\/2"}],"replies":[{"embeddable":true,"href":"https:\/\/iosa.mx\/index.php\/wp-json\/wp\/v2\/comments?post=9"}],"version-history":[{"count":41,"href":"https:\/\/iosa.mx\/index.php\/wp-json\/wp\/v2\/pages\/9\/revisions"}],"predecessor-version":[{"id":2046,"href":"https:\/\/iosa.mx\/index.php\/wp-json\/wp\/v2\/pages\/9\/revisions\/2046"}],"wp:attachment":[{"href":"https:\/\/iosa.mx\/index.php\/wp-json\/wp\/v2\/media?parent=9"}],"curies":[{"name":"wp","href":"https:\/\/api.w.org\/{rel}","templated":true}]}}